{"id":1208,"date":"2025-09-11T19:23:58","date_gmt":"2025-09-11T17:23:58","guid":{"rendered":"https:\/\/safe.gdynia.pl\/?page_id=1208"},"modified":"2026-02-23T14:20:35","modified_gmt":"2026-02-23T13:20:35","slug":"aktualnosci","status":"publish","type":"page","link":"https:\/\/safe.gdynia.pl\/en\/aktualnosci\/","title":{"rendered":"NEWS"},"content":{"rendered":"<div id=\"fws_69f9d73e9d292\"  data-column-margin=\"default\" data-midnight=\"dark\"  class=\"wpb_row vc_row-fluid vc_row\"  style=\"padding-top: 0px; padding-bottom: 0px; \"><div class=\"row-bg-wrap\" data-bg-animation=\"none\" data-bg-animation-delay=\"\" data-bg-overlay=\"false\"><div class=\"inner-wrap row-bg-layer\" ><div class=\"row-bg viewport-desktop\"  style=\"\"><\/div><\/div><\/div><div class=\"row_col_wrap_12 col span_12 dark left\">\n\t<div  class=\"vc_col-sm-12 wpb_column column_container vc_column_container col no-extra-padding inherit_tablet inherit_phone\"  data-padding-pos=\"all\" data-has-bg-color=\"false\" data-bg-color=\"\" data-bg-opacity=\"1\" data-animation=\"\" data-delay=\"0\" >\n\t\t<div class=\"vc_column-inner\" >\n\t\t\t<div class=\"wpb_wrapper\">\n\t\t\t\t<style type=\"text\/css\">@media only screen and (min-width: 1300px) { #nectar-slider-instance-1, #nectar-slider-instance-1 .swiper-container { height: 500px; }  } @media only screen and (max-width: 1299px) { #nectar-slider-instance-1, #nectar-slider-instance-1 .swiper-container { height: 416.66666666667px; }  } @media only screen and (max-width: 1000px) { #nectar-slider-instance-1, #nectar-slider-instance-1 .swiper-container { height: 357.14285714286px; }  } @media only screen and (max-width: 690px) { #nectar-slider-instance-1, #nectar-slider-instance-1 .swiper-container { height: 185.18518518519px; }  } <\/style><div data-midnight=\"nectar-slider\" class=\"parallax_slider_outer\"><div  data-transition=\"slide\" data-overall_style=\"classic\" data-flexible-height=\"\" data-animate-in-effect=\"none\" data-fullscreen=\"false\" data-button-sizing=\"regular\" data-button-styling=\"btn_with_count\" data-autorotate=\"\" data-parallax=\"true\" data-parallax-disable-mobile=\"\" data-caption-trans=\"fade_in_from_bottom\" data-parallax-style=\"bg_only\" data-bg-animation=\"none\" data-full-width=\"true\" class=\"nectar-slider-wrap\" id=\"nectar-slider-instance-1\"><div class=\"swiper-container\"  data-tho=\"auto\" data-tco=\"auto\" data-pho=\"auto\" data-pco=\"auto\" data-loop=\"false\" data-height=\"500\" data-min-height=\"\" data-arrows=\"false\" data-bullets=\"false\" data-bullet_style=\"see_through\" data-bullet_position=\"bottom\" data-desktop-swipe=\"true\" data-settings=\"\"> <div class=\"swiper-wrapper\"><div class=\"swiper-slide\" data-desktop-content-width=\"auto\" data-tablet-content-width=\"auto\" data-bg-alignment=\"center\" data-color-scheme=\"light\" data-x-pos=\"left\" data-y-pos=\"middle\" ><div class=\"slide-bg-wrap\"><div class=\"image-bg\" style=\"background-image: url(https:\/\/safe.gdynia.pl\/wp-content\/uploads\/2025\/09\/AdobeStock_386239118-scaled.jpeg);\"> &nbsp; <\/div><div class=\"slide-bg-overlay\" style=\"background-color: #004977;\"> &nbsp; <\/div><\/div><div class=\"container\">\n\t\t\t\t\t\t<div class=\"content\"><h2 class=\"ns-heading-el\">Latest news<\/h2><\/div>\n\t\t\t\t\t\t\t\t<\/div><!--\/container--><div class=\"video-texture active_texture\"> <span class=\"ie-fix\"><\/span> <\/div><\/div> <!--\/swiper-slide--><\/div><div class=\"nectar-slider-loading\"> <span class=\"loading-icon none\">   <\/span> <\/div> <\/div> \n\t\t\t\t\t\n\t\t\t\t\t<\/div><\/div>\n\t\t\t<\/div> \n\t\t<\/div>\n\t<\/div> \n<\/div><\/div><div id=\"fws_69f9d73e9ee9a\" class=\"wpb_row legacy vc_row-fluid full-width-section standard_section\"  style=\"padding-top: 90px; padding-bottom: 65px; \"><div class=\"row-bg-wrap\"> <div class=\"row-bg  using-bg-color\" style=\"background-color: #fbfbfb; \"><\/div> <\/div><div class=\"col span_12 dark\">\n\t<div  class=\"vc_col-sm-12 wpb_column column_container vc_column_container col no-extra-padding inherit_tablet inherit_phone\"  data-padding-pos=\"all\" data-has-bg-color=\"false\" data-bg-color=\"\" data-bg-opacity=\"1\" data-animation=\"\" data-delay=\"0\" >\n\t\t<div class=\"vc_column-inner\" >\n\t\t\t<div class=\"wpb_wrapper\">\n\t\t\t\t\n    <div class=\"row blog-recent columns-4\" data-style=\"classic_enhanced\" data-color-scheme=\"light\" data-remove-post-date=\"\" data-remove-post-author=\"1\" data-remove-post-comment-number=\"1\" data-remove-post-nectar-love=\"1\">\n\n      \n      <div class=\"col span_3 post-1415 post type-post status-publish format-standard has-post-thumbnail category-remont\" >\n\n        \n            <div class=\"inner-wrap post-1415 post type-post status-publish format-standard has-post-thumbnail category-remont\">\n\n            <a href=\"https:\/\/safe.gdynia.pl\/en\/anna-remont-jednostki\/\"  class=\"img-link\"><span class=\"post-featured-img\"><img loading=\"lazy\" decoding=\"async\" width=\"600\" height=\"403\" src=\"https:\/\/safe.gdynia.pl\/wp-content\/uploads\/2026\/02\/annsa-600x403.jpg\" class=\"attachment-portfolio-thumb size-portfolio-thumb wp-post-image\" alt=\"\" title=\"\" sizes=\"auto, (min-width: 1300px) 25vw, (min-width: 1000px) 33vw, (min-width: 690px) 100vw, 100vw\" srcset=\"https:\/\/safe.gdynia.pl\/wp-content\/uploads\/2026\/02\/annsa-600x403.jpg 600w, https:\/\/safe.gdynia.pl\/wp-content\/uploads\/2026\/02\/annsa-900x604.jpg 900w, https:\/\/safe.gdynia.pl\/wp-content\/uploads\/2026\/02\/annsa-400x269.jpg 400w\" \/><\/span><\/a><span class=\"meta-category\"><a class=\"remont\" href=\"https:\/\/safe.gdynia.pl\/en\/category\/remont\/\">repair<\/a><\/span><a class=\"entire-meta-link\" href=\"https:\/\/safe.gdynia.pl\/en\/anna-remont-jednostki\/\" ><span class=\"screen-reader-text\">ANNA - vessel maintenance<\/span><\/a>\n            <div class=\"article-content-wrap\">\n              <div class=\"post-header\">\n                <span class=\"meta\"> 2026-01-20 <\/span>\n                <h3 class=\"title\">ANNA - vessel maintenance<\/h3>\n              <\/div><!--\/post-header-->\n              <div class=\"excerpt\">\n                The vessel M\/V ANNA was docked at our quayside, where our team carried out comprehensive maintenance and modernization works. Even in challenging winter conditions, our specialists performed all tasks to the highest standards, demonstrating the ability to efficiently manage multiple projects simultaneously while maintaining full precision and safety.              <\/div>\n            <\/div>\n\n            <div class=\"post-meta\">\n              <span class=\"meta-author\"> <a href=\"https:\/\/safe.gdynia.pl\/en\/author\/admin\/\"> <i class=\"icon-default-style icon-salient-m-user\"><\/i> admin<\/a> <\/span>\n\n              \n              <div class=\"nectar-love-wrap\">\n                <a href=\"#\" class=\"nectar-love\" id=\"nectar-love-1415\" title=\"Love this\"> <i class=\"icon-salient-heart-2\"><\/i><span class=\"love-text\">Love<\/span><span class=\"total_loves\"><span class=\"nectar-love-count\">1<\/span><\/span><\/a>              <\/div><!--\/nectar-love-wrap-->\n            <\/div>\n\n          <\/div>\n\n        \n      <\/div><!--\/col-->\n\n      \n      <div class=\"col span_3 post-1409 post type-post status-publish format-standard has-post-thumbnail category-remont\" >\n\n        \n            <div class=\"inner-wrap post-1409 post type-post status-publish format-standard has-post-thumbnail category-remont\">\n\n            <a href=\"https:\/\/safe.gdynia.pl\/en\/scan-fjord-remont-jednostki\/\"  class=\"img-link\"><span class=\"post-featured-img\"><img loading=\"lazy\" decoding=\"async\" width=\"600\" height=\"403\" src=\"https:\/\/safe.gdynia.pl\/wp-content\/uploads\/2026\/02\/f8ca4414-c0b6-4d92-aaed-994e2ef4f908-600x403.jpeg\" class=\"attachment-portfolio-thumb size-portfolio-thumb wp-post-image\" alt=\"\" title=\"\" sizes=\"auto, (min-width: 1300px) 25vw, (min-width: 1000px) 33vw, (min-width: 690px) 100vw, 100vw\" srcset=\"https:\/\/safe.gdynia.pl\/wp-content\/uploads\/2026\/02\/f8ca4414-c0b6-4d92-aaed-994e2ef4f908-600x403.jpeg 600w, https:\/\/safe.gdynia.pl\/wp-content\/uploads\/2026\/02\/f8ca4414-c0b6-4d92-aaed-994e2ef4f908-900x604.jpeg 900w, https:\/\/safe.gdynia.pl\/wp-content\/uploads\/2026\/02\/f8ca4414-c0b6-4d92-aaed-994e2ef4f908-400x269.jpeg 400w\" \/><\/span><\/a><span class=\"meta-category\"><a class=\"remont\" href=\"https:\/\/safe.gdynia.pl\/en\/category\/remont\/\">repair<\/a><\/span><a class=\"entire-meta-link\" href=\"https:\/\/safe.gdynia.pl\/en\/scan-fjord-remont-jednostki\/\" ><span class=\"screen-reader-text\">SCAN FJORD - vessel maintenance<\/span><\/a>\n            <div class=\"article-content-wrap\">\n              <div class=\"post-header\">\n                <span class=\"meta\"> 2025-12-15 <\/span>\n                <h3 class=\"title\">SCAN FJORD - vessel maintenance<\/h3>\n              <\/div><!--\/post-header-->\n              <div class=\"excerpt\">\n                The vessel M\/V SCAN FJORD, a Norwegian cargo ship, has been docked in our dock for the execution of scheduled modernization.  The project covers a broad scope of technical activities aimed at enhancing the vessel\u2019s operational efficiency, adapting selected systems to current operational requirements, and ensuring full compliance with applicable regulations...              <\/div>\n            <\/div>\n\n            <div class=\"post-meta\">\n              <span class=\"meta-author\"> <a href=\"https:\/\/safe.gdynia.pl\/en\/author\/admin\/\"> <i class=\"icon-default-style icon-salient-m-user\"><\/i> admin<\/a> <\/span>\n\n              \n              <div class=\"nectar-love-wrap\">\n                <a href=\"#\" class=\"nectar-love\" id=\"nectar-love-1409\" title=\"Love this\"> <i class=\"icon-salient-heart-2\"><\/i><span class=\"love-text\">Love<\/span><span class=\"total_loves\"><span class=\"nectar-love-count\">1<\/span><\/span><\/a>              <\/div><!--\/nectar-love-wrap-->\n            <\/div>\n\n          <\/div>\n\n        \n      <\/div><!--\/col-->\n\n      \n      <div class=\"col span_3 post-1391 post type-post status-publish format-standard has-post-thumbnail category-remont\" >\n\n        \n            <div class=\"inner-wrap post-1391 post type-post status-publish format-standard has-post-thumbnail category-remont\">\n\n            <a href=\"https:\/\/safe.gdynia.pl\/en\/pompei-remont-jednostki\/\"  class=\"img-link\"><span class=\"post-featured-img\"><img loading=\"lazy\" decoding=\"async\" width=\"600\" height=\"403\" src=\"https:\/\/safe.gdynia.pl\/wp-content\/uploads\/2025\/11\/d94242fa-0fbc-4ead-9028-8bb4aeb8e345-e1771590346672-600x403.jpeg\" class=\"attachment-portfolio-thumb size-portfolio-thumb wp-post-image\" alt=\"\" title=\"\" sizes=\"auto, (min-width: 1300px) 25vw, (min-width: 1000px) 33vw, (min-width: 690px) 100vw, 100vw\" srcset=\"https:\/\/safe.gdynia.pl\/wp-content\/uploads\/2025\/11\/d94242fa-0fbc-4ead-9028-8bb4aeb8e345-e1771590346672-600x403.jpeg 600w, https:\/\/safe.gdynia.pl\/wp-content\/uploads\/2025\/11\/d94242fa-0fbc-4ead-9028-8bb4aeb8e345-e1771590346672-900x604.jpeg 900w, https:\/\/safe.gdynia.pl\/wp-content\/uploads\/2025\/11\/d94242fa-0fbc-4ead-9028-8bb4aeb8e345-e1771590346672-400x269.jpeg 400w\" \/><\/span><\/a><span class=\"meta-category\"><a class=\"remont\" href=\"https:\/\/safe.gdynia.pl\/en\/category\/remont\/\">repair<\/a><\/span><a class=\"entire-meta-link\" href=\"https:\/\/safe.gdynia.pl\/en\/pompei-remont-jednostki\/\" ><span class=\"screen-reader-text\">POMPEI - vessel maintenance<\/span><\/a>\n            <div class=\"article-content-wrap\">\n              <div class=\"post-header\">\n                <span class=\"meta\"> 2025-11-24 <\/span>\n                <h3 class=\"title\">POMPEI - vessel maintenance<\/h3>\n              <\/div><!--\/post-header-->\n              <div class=\"excerpt\">\n                We completed the scheduled dry-docking project of the vessel M\/V POMPEI. The scope of work included comprehensive maintenance and repair operations carried out in accordance with the highest maritime industry standards and classification society requirements. The objective of the project was to ensure...              <\/div>\n            <\/div>\n\n            <div class=\"post-meta\">\n              <span class=\"meta-author\"> <a href=\"https:\/\/safe.gdynia.pl\/en\/author\/admin\/\"> <i class=\"icon-default-style icon-salient-m-user\"><\/i> admin<\/a> <\/span>\n\n              \n              <div class=\"nectar-love-wrap\">\n                <a href=\"#\" class=\"nectar-love\" id=\"nectar-love-1391\" title=\"Love this\"> <i class=\"icon-salient-heart-2\"><\/i><span class=\"love-text\">Love<\/span><span class=\"total_loves\"><span class=\"nectar-love-count\">1<\/span><\/span><\/a>              <\/div><!--\/nectar-love-wrap-->\n            <\/div>\n\n          <\/div>\n\n        \n      <\/div><!--\/col-->\n\n      \n      <div class=\"col span_3 post-1360 post type-post status-publish format-standard has-post-thumbnail category-remont\" >\n\n        \n            <div class=\"inner-wrap post-1360 post type-post status-publish format-standard has-post-thumbnail category-remont\">\n\n            <a href=\"https:\/\/safe.gdynia.pl\/en\/isartal-remont-jednostki\/\"  class=\"img-link\"><span class=\"post-featured-img\"><img loading=\"lazy\" decoding=\"async\" width=\"600\" height=\"403\" src=\"https:\/\/safe.gdynia.pl\/wp-content\/uploads\/2025\/10\/1759209319074-600x403.jpg\" class=\"attachment-portfolio-thumb size-portfolio-thumb wp-post-image\" alt=\"\" title=\"\" sizes=\"auto, (min-width: 1300px) 25vw, (min-width: 1000px) 33vw, (min-width: 690px) 100vw, 100vw\" srcset=\"https:\/\/safe.gdynia.pl\/wp-content\/uploads\/2025\/10\/1759209319074-600x403.jpg 600w, https:\/\/safe.gdynia.pl\/wp-content\/uploads\/2025\/10\/1759209319074-900x604.jpg 900w, https:\/\/safe.gdynia.pl\/wp-content\/uploads\/2025\/10\/1759209319074-400x269.jpg 400w\" \/><\/span><\/a><span class=\"meta-category\"><a class=\"remont\" href=\"https:\/\/safe.gdynia.pl\/en\/category\/remont\/\">repair<\/a><\/span><a class=\"entire-meta-link\" href=\"https:\/\/safe.gdynia.pl\/en\/isartal-remont-jednostki\/\" ><span class=\"screen-reader-text\">ISARTAL - vessel maintenance<\/span><\/a>\n            <div class=\"article-content-wrap\">\n              <div class=\"post-header\">\n                <span class=\"meta\"> 2025-09-23 <\/span>\n                <h3 class=\"title\">ISARTAL - vessel maintenance<\/h3>\n              <\/div><!--\/post-header-->\n              <div class=\"excerpt\">\n                The vessel Isartal has arrived at our shipyard \u2014 an 88-meter-long and 13-meter-wide unit. The purpose of its visit is to undergo comprehensive repair works, including both docking operations and a wide range of\u2026              <\/div>\n            <\/div>\n\n            <div class=\"post-meta\">\n              <span class=\"meta-author\"> <a href=\"https:\/\/safe.gdynia.pl\/en\/author\/admin\/\"> <i class=\"icon-default-style icon-salient-m-user\"><\/i> admin<\/a> <\/span>\n\n              \n              <div class=\"nectar-love-wrap\">\n                <a href=\"#\" class=\"nectar-love\" id=\"nectar-love-1360\" title=\"Love this\"> <i class=\"icon-salient-heart-2\"><\/i><span class=\"love-text\">Love<\/span><span class=\"total_loves\"><span class=\"nectar-love-count\">2<\/span><\/span><\/a>              <\/div><!--\/nectar-love-wrap-->\n            <\/div>\n\n          <\/div>\n\n        \n      <\/div><!--\/col-->\n\n      \n      <div class=\"col span_3 post-1339 post type-post status-publish format-standard has-post-thumbnail category-prace-antykorozyjne\" >\n\n        \n            <div class=\"inner-wrap post-1339 post type-post status-publish format-standard has-post-thumbnail category-prace-antykorozyjne\">\n\n            <a href=\"https:\/\/safe.gdynia.pl\/en\/statek-hybrydowy-specjalistyczne-prace-antykorozyjne\/\"  class=\"img-link\"><span class=\"post-featured-img\"><img loading=\"lazy\" decoding=\"async\" width=\"600\" height=\"403\" src=\"https:\/\/safe.gdynia.pl\/wp-content\/uploads\/2025\/10\/IMG-20250919-WA0076-600x403.jpg\" class=\"attachment-portfolio-thumb size-portfolio-thumb wp-post-image\" alt=\"\" title=\"\" sizes=\"auto, (min-width: 1300px) 25vw, (min-width: 1000px) 33vw, (min-width: 690px) 100vw, 100vw\" srcset=\"https:\/\/safe.gdynia.pl\/wp-content\/uploads\/2025\/10\/IMG-20250919-WA0076-600x403.jpg 600w, https:\/\/safe.gdynia.pl\/wp-content\/uploads\/2025\/10\/IMG-20250919-WA0076-16x12.jpg 16w, https:\/\/safe.gdynia.pl\/wp-content\/uploads\/2025\/10\/IMG-20250919-WA0076-900x604.jpg 900w, https:\/\/safe.gdynia.pl\/wp-content\/uploads\/2025\/10\/IMG-20250919-WA0076-400x269.jpg 400w\" \/><\/span><\/a><span class=\"meta-category\"><a class=\"prace-antykorozyjne\" href=\"https:\/\/safe.gdynia.pl\/en\/category\/prace-antykorozyjne\/\">anti-corrosion works<\/a><\/span><a class=\"entire-meta-link\" href=\"https:\/\/safe.gdynia.pl\/en\/statek-hybrydowy-specjalistyczne-prace-antykorozyjne\/\" ><span class=\"screen-reader-text\">HYBRID VESSEL \u2013 specialized anti-corrosion works<\/span><\/a>\n            <div class=\"article-content-wrap\">\n              <div class=\"post-header\">\n                <span class=\"meta\"> 2025-09-22 <\/span>\n                <h3 class=\"title\">HYBRID VESSEL \u2013 specialized anti-corrosion works<\/h3>\n              <\/div><!--\/post-header-->\n              <div class=\"excerpt\">\n                Our anti-corrosion team carried out specialized works on part of the structure of a hybrid vessel. The surface was prepared by abrasive blasting and subsequently protected with a coating system applied to the entire structure, which had been built by another company...              <\/div>\n            <\/div>\n\n            <div class=\"post-meta\">\n              <span class=\"meta-author\"> <a href=\"https:\/\/safe.gdynia.pl\/en\/author\/admin\/\"> <i class=\"icon-default-style icon-salient-m-user\"><\/i> admin<\/a> <\/span>\n\n              \n              <div class=\"nectar-love-wrap\">\n                <a href=\"#\" class=\"nectar-love\" id=\"nectar-love-1339\" title=\"Love this\"> <i class=\"icon-salient-heart-2\"><\/i><span class=\"love-text\">Love<\/span><span class=\"total_loves\"><span class=\"nectar-love-count\">2<\/span><\/span><\/a>              <\/div><!--\/nectar-love-wrap-->\n            <\/div>\n\n          <\/div>\n\n        \n      <\/div><!--\/col-->\n\n      \n      <div class=\"col span_3 post-1331 post type-post status-publish format-standard has-post-thumbnail category-remont\" >\n\n        \n            <div class=\"inner-wrap post-1331 post type-post status-publish format-standard has-post-thumbnail category-remont\">\n\n            <a href=\"https:\/\/safe.gdynia.pl\/en\/drobnicowiec-alexander-awaryjne-prace-przy-sterze\/\"  class=\"img-link\"><span class=\"post-featured-img\"><img loading=\"lazy\" decoding=\"async\" width=\"600\" height=\"403\" src=\"https:\/\/safe.gdynia.pl\/wp-content\/uploads\/2025\/10\/1757655358352-600x403.jpg\" class=\"attachment-portfolio-thumb size-portfolio-thumb wp-post-image\" alt=\"\" title=\"\" sizes=\"auto, (min-width: 1300px) 25vw, (min-width: 1000px) 33vw, (min-width: 690px) 100vw, 100vw\" srcset=\"https:\/\/safe.gdynia.pl\/wp-content\/uploads\/2025\/10\/1757655358352-600x403.jpg 600w, https:\/\/safe.gdynia.pl\/wp-content\/uploads\/2025\/10\/1757655358352-16x12.jpg 16w, https:\/\/safe.gdynia.pl\/wp-content\/uploads\/2025\/10\/1757655358352-400x269.jpg 400w\" \/><\/span><\/a><span class=\"meta-category\"><a class=\"remont\" href=\"https:\/\/safe.gdynia.pl\/en\/category\/remont\/\">repair<\/a><\/span><a class=\"entire-meta-link\" href=\"https:\/\/safe.gdynia.pl\/en\/drobnicowiec-alexander-awaryjne-prace-przy-sterze\/\" ><span class=\"screen-reader-text\">GENERAL CARGO SHIP ALEXANDER - emergency rudder repairs<\/span><\/a>\n            <div class=\"article-content-wrap\">\n              <div class=\"post-header\">\n                <span class=\"meta\"> 2025-09-13 <\/span>\n                <h3 class=\"title\">GENERAL CARGO SHIP ALEXANDER - emergency rudder repairs<\/h3>\n              <\/div><!--\/post-header-->\n              <div class=\"excerpt\">\n                The M\/V Alexander, a vessel measuring 117 meters in length and 16 meters in breadth, recently arrived at our shipyard for emergency rudder repairs. Due to the nature of the malfunction...              <\/div>\n            <\/div>\n\n            <div class=\"post-meta\">\n              <span class=\"meta-author\"> <a href=\"https:\/\/safe.gdynia.pl\/en\/author\/admin\/\"> <i class=\"icon-default-style icon-salient-m-user\"><\/i> admin<\/a> <\/span>\n\n              \n              <div class=\"nectar-love-wrap\">\n                <a href=\"#\" class=\"nectar-love\" id=\"nectar-love-1331\" title=\"Love this\"> <i class=\"icon-salient-heart-2\"><\/i><span class=\"love-text\">Love<\/span><span class=\"total_loves\"><span class=\"nectar-love-count\">2<\/span><\/span><\/a>              <\/div><!--\/nectar-love-wrap-->\n            <\/div>\n\n          <\/div>\n\n        \n      <\/div><!--\/col-->\n\n      \n      <div class=\"col span_3 post-1307 post type-post status-publish format-standard has-post-thumbnail category-remont\" >\n\n        \n            <div class=\"inner-wrap post-1307 post type-post status-publish format-standard has-post-thumbnail category-remont\">\n\n            <a href=\"https:\/\/safe.gdynia.pl\/en\/remont-chemikaliowca-oktan\/\"  class=\"img-link\"><span class=\"post-featured-img\"><img loading=\"lazy\" decoding=\"async\" width=\"600\" height=\"403\" src=\"https:\/\/safe.gdynia.pl\/wp-content\/uploads\/2025\/10\/20250820_110542-600x403.jpg\" class=\"attachment-portfolio-thumb size-portfolio-thumb wp-post-image\" alt=\"\" title=\"\" sizes=\"auto, (min-width: 1300px) 25vw, (min-width: 1000px) 33vw, (min-width: 690px) 100vw, 100vw\" srcset=\"https:\/\/safe.gdynia.pl\/wp-content\/uploads\/2025\/10\/20250820_110542-600x403.jpg 600w, https:\/\/safe.gdynia.pl\/wp-content\/uploads\/2025\/10\/20250820_110542-400x269.jpg 400w\" \/><\/span><\/a><span class=\"meta-category\"><a class=\"remont\" href=\"https:\/\/safe.gdynia.pl\/en\/category\/remont\/\">repair<\/a><\/span><a class=\"entire-meta-link\" href=\"https:\/\/safe.gdynia.pl\/en\/remont-chemikaliowca-oktan\/\" ><span class=\"screen-reader-text\">CHEMICAL TANKER OKTAN - vessel repair<\/span><\/a>\n            <div class=\"article-content-wrap\">\n              <div class=\"post-header\">\n                <span class=\"meta\"> 2025-08-22 <\/span>\n                <h3 class=\"title\">CHEMICAL TANKER OKTAN - vessel repair<\/h3>\n              <\/div><!--\/post-header-->\n              <div class=\"excerpt\">\n                The M\/V Oktan, a vessel measuring 100 meters in length and 17 meters in breadth, recently entered our shipyard for an intermediate survey. This type of inspection is a key element...              <\/div>\n            <\/div>\n\n            <div class=\"post-meta\">\n              <span class=\"meta-author\"> <a href=\"https:\/\/safe.gdynia.pl\/en\/author\/admin\/\"> <i class=\"icon-default-style icon-salient-m-user\"><\/i> admin<\/a> <\/span>\n\n              \n              <div class=\"nectar-love-wrap\">\n                <a href=\"#\" class=\"nectar-love\" id=\"nectar-love-1307\" title=\"Love this\"> <i class=\"icon-salient-heart-2\"><\/i><span class=\"love-text\">Love<\/span><span class=\"total_loves\"><span class=\"nectar-love-count\">2<\/span><\/span><\/a>              <\/div><!--\/nectar-love-wrap-->\n            <\/div>\n\n          <\/div>\n\n        \n      <\/div><!--\/col-->\n\n      \n    <\/div><!--\/blog-recent-->\n\n  \n\t\t\t<\/div> \n\t\t<\/div>\n\t<\/div> \n<\/div><\/div>","protected":false},"excerpt":{"rendered":"Do naszej stoczni zawin\u0105\u0142 statek Oktan \u2013 jednostka o d\u0142ugo\u015bci 100 metr\u00f3w i szeroko\u015bci 17 metr\u00f3w, kt\u00f3ry zosta\u0142 przyj\u0119ty w celu przeprowadzenia przegl\u0105du po\u015bredniego. Tego rodzaju prace stanowi\u0105 istotny element...","protected":false},"author":1,"featured_media":0,"parent":0,"menu_order":0,"comment_status":"closed","ping_status":"closed","template":"","meta":{"footnotes":""},"class_list":["post-1208","page","type-page","status-publish"],"_links":{"self":[{"href":"https:\/\/safe.gdynia.pl\/en\/wp-json\/wp\/v2\/pages\/1208","targetHints":{"allow":["GET"]}}],"collection":[{"href":"https:\/\/safe.gdynia.pl\/en\/wp-json\/wp\/v2\/pages"}],"about":[{"href":"https:\/\/safe.gdynia.pl\/en\/wp-json\/wp\/v2\/types\/page"}],"author":[{"embeddable":true,"href":"https:\/\/safe.gdynia.pl\/en\/wp-json\/wp\/v2\/users\/1"}],"replies":[{"embeddable":true,"href":"https:\/\/safe.gdynia.pl\/en\/wp-json\/wp\/v2\/comments?post=1208"}],"version-history":[{"count":21,"href":"https:\/\/safe.gdynia.pl\/en\/wp-json\/wp\/v2\/pages\/1208\/revisions"}],"predecessor-version":[{"id":1414,"href":"https:\/\/safe.gdynia.pl\/en\/wp-json\/wp\/v2\/pages\/1208\/revisions\/1414"}],"wp:attachment":[{"href":"https:\/\/safe.gdynia.pl\/en\/wp-json\/wp\/v2\/media?parent=1208"}],"curies":[{"name":"wp","href":"https:\/\/api.w.org\/{rel}","templated":true}]}}